{"id":2808,"date":"2019-05-01T13:47:40","date_gmt":"2019-05-01T11:47:40","guid":{"rendered":"https:\/\/blog.mdi-training.com\/de\/?page_id=2808"},"modified":"2019-08-19T14:29:40","modified_gmt":"2019-08-19T12:29:40","slug":"leadership-impact","status":"publish","type":"page","link":"https:\/\/blog.mdi-training.com\/de\/leadership-impact\/","title":{"rendered":"Leadership Impact"},"content":{"rendered":"<p>[et_pb_section bb_built=&#8220;1&#8243; admin_label=&#8220;section&#8220; custom_padding_last_edited=&#8220;on|desktop&#8220; _builder_version=&#8220;3.25.3&#8243; use_background_color_gradient=&#8220;on&#8220; background_color_gradient_start=&#8220;rgba(56,0,44,0.52)&#8220; background_color_gradient_end=&#8220;rgba(56,0,44,0.52)&#8220; background_color_gradient_type=&#8220;radial&#8220; background_color_gradient_overlays_image=&#8220;on&#8220; background_image=&#8220;https:\/\/blog.mdi-training.com\/de\/wp-content\/uploads\/sites\/2\/2019\/07\/footprint-2353510_1280.jpg&#8220; custom_padding=&#8220;104px||119px|||&#8220; custom_padding_tablet=&#8220;50px|0|50px|0&#8243; transparent_background=&#8220;off&#8220; padding_mobile=&#8220;off&#8220; make_fullwidth=&#8220;off&#8220; use_custom_width=&#8220;off&#8220; width_unit=&#8220;on&#8220; next_background_color=&#8220;#ffffff&#8220;][et_pb_row admin_label=&#8220;row&#8220; _builder_version=&#8220;3.25.3&#8243; background_size=&#8220;initial&#8220; background_position=&#8220;top_left&#8220; background_repeat=&#8220;repeat&#8220;][et_pb_column type=&#8220;4_4&#8243; _builder_version=&#8220;3.25&#8243; custom_padding=&#8220;|||&#8220; custom_padding__hover=&#8220;|||&#8220;][et_pb_text _builder_version=&#8220;3.25.3&#8243; background_size=&#8220;initial&#8220; background_position=&#8220;top_left&#8220; background_repeat=&#8220;repeat&#8220; text_orientation=&#8220;center&#8220; background_layout=&#8220;dark&#8220; module_alignment=&#8220;center&#8220; z_index_tablet=&#8220;500&#8243; text_text_shadow_horizontal_length_tablet=&#8220;0px&#8220; text_text_shadow_vertical_length_tablet=&#8220;0px&#8220; text_text_shadow_blur_strength_tablet=&#8220;1px&#8220; link_text_shadow_horizontal_length_tablet=&#8220;0px&#8220; link_text_shadow_vertical_length_tablet=&#8220;0px&#8220; link_text_shadow_blur_strength_tablet=&#8220;1px&#8220; ul_text_shadow_horizontal_length_tablet=&#8220;0px&#8220; ul_text_shadow_vertical_length_tablet=&#8220;0px&#8220; ul_text_shadow_blur_strength_tablet=&#8220;1px&#8220; ol_text_shadow_horizontal_length_tablet=&#8220;0px&#8220; ol_text_shadow_vertical_length_tablet=&#8220;0px&#8220; ol_text_shadow_blur_strength_tablet=&#8220;1px&#8220; quote_text_shadow_horizontal_length_tablet=&#8220;0px&#8220; quote_text_shadow_vertical_length_tablet=&#8220;0px&#8220; quote_text_shadow_blur_strength_tablet=&#8220;1px&#8220; header_text_shadow_horizontal_length_tablet=&#8220;0px&#8220; header_text_shadow_vertical_length_tablet=&#8220;0px&#8220; header_text_shadow_blur_strength_tablet=&#8220;1px&#8220; header_2_text_shadow_horizontal_length_tablet=&#8220;0px&#8220; header_2_text_shadow_vertical_length_tablet=&#8220;0px&#8220; header_2_text_shadow_blur_strength_tablet=&#8220;1px&#8220; header_3_text_shadow_horizontal_length_tablet=&#8220;0px&#8220; header_3_text_shadow_vertical_length_tablet=&#8220;0px&#8220; header_3_text_shadow_blur_strength_tablet=&#8220;1px&#8220; header_4_text_shadow_horizontal_length_tablet=&#8220;0px&#8220; header_4_text_shadow_vertical_length_tablet=&#8220;0px&#8220; header_4_text_shadow_blur_strength_tablet=&#8220;1px&#8220; header_5_text_shadow_horizontal_length_tablet=&#8220;0px&#8220; header_5_text_shadow_vertical_length_tablet=&#8220;0px&#8220; header_5_text_shadow_blur_strength_tablet=&#8220;1px&#8220; header_6_text_shadow_horizontal_length_tablet=&#8220;0px&#8220; header_6_text_shadow_vertical_length_tablet=&#8220;0px&#8220; header_6_text_shadow_blur_strength_tablet=&#8220;1px&#8220; box_shadow_horizontal_tablet=&#8220;0px&#8220; box_shadow_vertical_tablet=&#8220;0px&#8220; box_shadow_blur_tablet=&#8220;40px&#8220; box_shadow_spread_tablet=&#8220;0px&#8220; use_border_color=&#8220;off&#8220; border_color=&#8220;#ffffff&#8220; border_style=&#8220;solid&#8220;]<\/p>\n<h1><em>Welchen Fu\u00dfabdruck hinterlassen Sie in dieser Welt? <br \/><\/em><\/h1>\n<p>Mit positivem Leadership Impact die Welt zum Guten ver\u00e4ndern.<\/p>\n<p>[\/et_pb_text][\/et_pb_column][\/et_pb_row][\/et_pb_section][et_pb_section bb_built=&#8220;1&#8243; _builder_version=&#8220;3.25.3&#8243; bottom_divider_style=&#8220;mountains2&#8243; bottom_divider_height=&#8220;59px&#8220; next_background_color=&#8220;#951d7d&#8220; prev_background_color=&#8220;#000000&#8243;][et_pb_row _builder_version=&#8220;3.25&#8243; background_size=&#8220;initial&#8220; background_position=&#8220;top_left&#8220; background_repeat=&#8220;repeat&#8220;][et_pb_column type=&#8220;4_4&#8243; _builder_version=&#8220;3.25&#8243; custom_padding=&#8220;|||&#8220; custom_padding__hover=&#8220;|||&#8220;][et_pb_blog fullwidth=&#8220;off&#8220; posts_number=&#8220;9&#8243; include_categories=&#8220;108&#8243; excerpt_length=&#8220;200&#8243; show_more=&#8220;on&#8220; show_categories=&#8220;off&#8220; _builder_version=&#8220;3.25.3&#8243; z_index_tablet=&#8220;500&#8243; header_text_shadow_horizontal_length_tablet=&#8220;0px&#8220; header_text_shadow_vertical_length_tablet=&#8220;0px&#8220; header_text_shadow_blur_strength_tablet=&#8220;1px&#8220; body_text_shadow_horizontal_length_tablet=&#8220;0px&#8220; body_text_shadow_vertical_length_tablet=&#8220;0px&#8220; body_text_shadow_blur_strength_tablet=&#8220;1px&#8220; meta_text_shadow_horizontal_length_tablet=&#8220;0px&#8220; meta_text_shadow_vertical_length_tablet=&#8220;0px&#8220; meta_text_shadow_blur_strength_tablet=&#8220;1px&#8220; read_more_text_shadow_horizontal_length_tablet=&#8220;0px&#8220; read_more_text_shadow_vertical_length_tablet=&#8220;0px&#8220; read_more_text_shadow_blur_strength_tablet=&#8220;1px&#8220; pagination_text_shadow_horizontal_length_tablet=&#8220;0px&#8220; pagination_text_shadow_vertical_length_tablet=&#8220;0px&#8220; pagination_text_shadow_blur_strength_tablet=&#8220;1px&#8220; body_link_text_shadow_horizontal_length_tablet=&#8220;0px&#8220; body_link_text_shadow_vertical_length_tablet=&#8220;0px&#8220; body_link_text_shadow_blur_strength_tablet=&#8220;1px&#8220; body_ul_text_shadow_horizontal_length_tablet=&#8220;0px&#8220; body_ul_text_shadow_vertical_length_tablet=&#8220;0px&#8220; body_ul_text_shadow_blur_strength_tablet=&#8220;1px&#8220; body_ol_text_shadow_horizontal_length_tablet=&#8220;0px&#8220; body_ol_text_shadow_vertical_length_tablet=&#8220;0px&#8220; body_ol_text_shadow_blur_strength_tablet=&#8220;1px&#8220; body_quote_text_shadow_horizontal_length_tablet=&#8220;0px&#8220; body_quote_text_shadow_vertical_length_tablet=&#8220;0px&#8220; body_quote_text_shadow_blur_strength_tablet=&#8220;1px&#8220; box_shadow_horizontal_tablet=&#8220;0px&#8220; box_shadow_vertical_tablet=&#8220;0px&#8220; box_shadow_blur_tablet=&#8220;40px&#8220; box_shadow_spread_tablet=&#8220;0px&#8220; box_shadow_horizontal_image_tablet=&#8220;0px&#8220; box_shadow_vertical_image_tablet=&#8220;0px&#8220; box_shadow_blur_image_tablet=&#8220;40px&#8220; box_shadow_spread_image_tablet=&#8220;0px&#8220; text_shadow_horizontal_length_tablet=&#8220;0px&#8220; text_shadow_vertical_length_tablet=&#8220;0px&#8220; text_shadow_blur_strength_tablet=&#8220;1px&#8220; custom_css_main_element=&#8220;height: 580px;&#8220; use_border_color=&#8220;off&#8220; border_color=&#8220;#ffffff&#8220; border_style=&#8220;solid&#8220; use_dropshadow=&#8220;off&#8220; module_class=&#8220;custom_blog&#8220;]<\/p>\n<p>[\/et_pb_blog][\/et_pb_column][\/et_pb_row][\/et_pb_section][et_pb_section bb_built=&#8220;1&#8243; _builder_version=&#8220;3.25.3&#8243; background_color=&#8220;#951d7d&#8220; z_index_tablet=&#8220;500&#8243; box_shadow_horizontal_tablet=&#8220;0px&#8220; box_shadow_vertical_tablet=&#8220;0px&#8220; box_shadow_blur_tablet=&#8220;40px&#8220; box_shadow_spread_tablet=&#8220;0px&#8220; prev_background_color=&#8220;#ffffff&#8220;][et_pb_row _builder_version=&#8220;3.25.3&#8243; background_color=&#8220;#ffffff&#8220; border_radii=&#8220;on|3px|3px|3px|3px&#8220; z_index_tablet=&#8220;500&#8243; box_shadow_horizontal_tablet=&#8220;0px&#8220; box_shadow_vertical_tablet=&#8220;0px&#8220; box_shadow_blur_tablet=&#8220;40px&#8220; box_shadow_spread_tablet=&#8220;0px&#8220;][et_pb_column type=&#8220;4_4&#8243; _builder_version=&#8220;3.0.47&#8243; custom_padding=&#8220;|||&#8220; custom_padding__hover=&#8220;|||&#8220;][et_pb_text _builder_version=&#8220;3.25.3&#8243; background_color=&#8220;#ffffff&#8220; z_index_tablet=&#8220;500&#8243; text_text_shadow_horizontal_length_tablet=&#8220;0px&#8220; text_text_shadow_vertical_length_tablet=&#8220;0px&#8220; text_text_shadow_blur_strength_tablet=&#8220;1px&#8220; link_text_shadow_horizontal_length_tablet=&#8220;0px&#8220; link_text_shadow_vertical_length_tablet=&#8220;0px&#8220; link_text_shadow_blur_strength_tablet=&#8220;1px&#8220; ul_text_shadow_horizontal_length_tablet=&#8220;0px&#8220; ul_text_shadow_vertical_length_tablet=&#8220;0px&#8220; ul_text_shadow_blur_strength_tablet=&#8220;1px&#8220; ol_text_shadow_horizontal_length_tablet=&#8220;0px&#8220; ol_text_shadow_vertical_length_tablet=&#8220;0px&#8220; ol_text_shadow_blur_strength_tablet=&#8220;1px&#8220; quote_text_shadow_horizontal_length_tablet=&#8220;0px&#8220; quote_text_shadow_vertical_length_tablet=&#8220;0px&#8220; quote_text_shadow_blur_strength_tablet=&#8220;1px&#8220; header_text_shadow_horizontal_length_tablet=&#8220;0px&#8220; header_text_shadow_vertical_length_tablet=&#8220;0px&#8220; header_text_shadow_blur_strength_tablet=&#8220;1px&#8220; header_2_text_shadow_horizontal_length_tablet=&#8220;0px&#8220; header_2_text_shadow_vertical_length_tablet=&#8220;0px&#8220; header_2_text_shadow_blur_strength_tablet=&#8220;1px&#8220; header_3_text_shadow_horizontal_length_tablet=&#8220;0px&#8220; header_3_text_shadow_vertical_length_tablet=&#8220;0px&#8220; header_3_text_shadow_blur_strength_tablet=&#8220;1px&#8220; header_4_text_shadow_horizontal_length_tablet=&#8220;0px&#8220; header_4_text_shadow_vertical_length_tablet=&#8220;0px&#8220; header_4_text_shadow_blur_strength_tablet=&#8220;1px&#8220; header_5_text_shadow_horizontal_length_tablet=&#8220;0px&#8220; header_5_text_shadow_vertical_length_tablet=&#8220;0px&#8220; header_5_text_shadow_blur_strength_tablet=&#8220;1px&#8220; header_6_text_shadow_horizontal_length_tablet=&#8220;0px&#8220; header_6_text_shadow_vertical_length_tablet=&#8220;0px&#8220; header_6_text_shadow_blur_strength_tablet=&#8220;1px&#8220; box_shadow_horizontal_tablet=&#8220;0px&#8220; box_shadow_vertical_tablet=&#8220;0px&#8220; box_shadow_blur_tablet=&#8220;40px&#8220; box_shadow_spread_tablet=&#8220;0px&#8220;]<\/p>\n<h2 style=\"text-align: center;\">MDI Newsletter<\/h2>\n<p style=\"text-align: center;\">Jetzt anmelden und nie wieder <strong>F\u00fchrungsinspirationen<\/strong> verpassen, die Sie weiterbringen!<\/p>\n<p>[\/et_pb_text][et_pb_code _builder_version=&#8220;3.25.3&#8243; z_index_tablet=&#8220;500&#8243;]<!-- Begin Mailchimp Signup Form --><!-- [et_pb_line_break_holder] --><link href=\"\/\/cdn-images.mailchimp.com\/embedcode\/classic-10_7.css\" rel=\"stylesheet\" type=\"text\/css\"><!-- [et_pb_line_break_holder] --><\/p>\n<style type=\"text\/css\"><!-- [et_pb_line_break_holder] -->\t#mc_embed_signup{background:#fff; clear:left; font:14px Helvetica,Arial,sans-serif; }<!-- [et_pb_line_break_holder] -->\t\/* Add your own Mailchimp form style overrides in your site stylesheet or in this style block.<!-- [et_pb_line_break_holder] -->\t   We recommend moving this block and the preceding CSS link to the HEAD of your HTML file. *\/<!-- [et_pb_line_break_holder] --><\/style>\n<p><!-- [et_pb_line_break_holder] --><\/p>\n<div id=\"mc_embed_signup\"><!-- [et_pb_line_break_holder] --><\/p>\n<form action=\"https:\/\/mdi-training.us11.list-manage.com\/subscribe\/post?u=e76067a0148b45eb2efca1087&#038;id=9a75c1bb58\" method=\"post\" id=\"mc-embedded-subscribe-form\" name=\"mc-embedded-subscribe-form\" class=\"validate\" target=\"_blank\" novalidate><!-- [et_pb_line_break_holder] -->    <\/p>\n<div id=\"mc_embed_signup_scroll\"><!-- [et_pb_line_break_holder] -->\t<\/p>\n<h2>Zum Newsletter anmelden<\/h2>\n<p><!-- [et_pb_line_break_holder] --><\/p>\n<div class=\"indicates-required\"><span class=\"asterisk\">*<\/span>erforderlich<\/div>\n<p><!-- [et_pb_line_break_holder] --><\/p>\n<div class=\"mc-field-group\"><!-- [et_pb_line_break_holder] -->\t<label for=\"mce-EMAIL\">E-Mail Addresse  <span class=\"asterisk\">*<\/span><!-- [et_pb_line_break_holder] --><\/label><!-- [et_pb_line_break_holder] -->\t<input type=\"email\" value=\"\" name=\"EMAIL\" class=\"required email\" id=\"mce-EMAIL\"><!-- [et_pb_line_break_holder] --><\/div>\n<p><!-- [et_pb_line_break_holder] --><\/p>\n<div class=\"mc-field-group input-group\"><!-- [et_pb_line_break_holder] -->    <strong>Was interessiert Sie besonders? <\/strong><!-- [et_pb_line_break_holder] -->    <\/p>\n<ul>\n<li><input type=\"checkbox\" value=\"1\" name=\"group[22197][1]\" id=\"mce-group[22197]-22197-0\"><label for=\"mce-group[22197]-22197-0\">F\u00fchrungskr\u00e4fteentwicklung aus der HR Perspektive<\/label><\/li>\n<p><!-- [et_pb_line_break_holder] --><\/p>\n<li><input type=\"checkbox\" value=\"2\" name=\"group[22197][2]\" id=\"mce-group[22197]-22197-1\"><label for=\"mce-group[22197]-22197-1\">F\u00fchrung als F\u00fchrungskraft<\/label><\/li>\n<p><!-- [et_pb_line_break_holder] --><\/ul>\n<p><!-- [et_pb_line_break_holder] --><\/div>\n<p><!-- [et_pb_line_break_holder] -->\t<\/p>\n<div id=\"mce-responses\" class=\"clear\"><!-- [et_pb_line_break_holder] -->\t\t<\/p>\n<div class=\"response\" id=\"mce-error-response\" style=\"display:none\"><\/div>\n<p><!-- [et_pb_line_break_holder] -->\t\t<\/p>\n<div class=\"response\" id=\"mce-success-response\" style=\"display:none\"><\/div>\n<p><!-- [et_pb_line_break_holder] -->\t<\/div>\n<p>    <!-- real people should not fill this in and expect good things - do not remove this or risk form bot signups--><!-- [et_pb_line_break_holder] -->    <\/p>\n<div style=\"position: absolute; left: -5000px;\" aria-hidden=\"true\"><input type=\"text\" name=\"b_e76067a0148b45eb2efca1087_9a75c1bb58\" tabindex=\"-1\" value=\"\"><\/div>\n<p><!-- [et_pb_line_break_holder] -->    <\/p>\n<div class=\"clear\"><input type=\"submit\" value=\"Jetzt anmelden\" name=\"subscribe\" id=\"mc-embedded-subscribe\" class=\"button\"><\/div>\n<p><!-- [et_pb_line_break_holder] -->    <\/div>\n<p><!-- [et_pb_line_break_holder] --><\/form>\n<p><!-- [et_pb_line_break_holder] --><\/div>\n<p><!-- [et_pb_line_break_holder] --><!-- [et_pb_line_break_holder] --><!--End mc_embed_signup-->[\/et_pb_code][et_pb_social_media_follow _builder_version=&#8220;3.25.3&#8243; custom_padding=&#8220;|||30px&#8220;][et_pb_social_media_follow_network social_network=&#8220;facebook&#8220; url=&#8220;https:\/\/www.facebook.com\/MDI.Management.Development\/&#8220; _builder_version=&#8220;3.0.106&#8243; background_color=&#8220;#951d7d&#8220; follow_button=&#8220;off&#8220; url_new_window=&#8220;on&#8220;] Facebook [\/et_pb_social_media_follow_network][et_pb_social_media_follow_network social_network=&#8220;linkedin&#8220; url=&#8220;https:\/\/www.linkedin.com\/company\/3776831\/&#8220; _builder_version=&#8220;3.0.106&#8243; background_color=&#8220;#951d7d&#8220; follow_button=&#8220;off&#8220; url_new_window=&#8220;on&#8220;] LinkedIn [\/et_pb_social_media_follow_network][et_pb_social_media_follow_network social_network=&#8220;twitter&#8220; url=&#8220;https:\/\/twitter.com\/MDI_Leadership&#8220; _builder_version=&#8220;3.0.106&#8243; background_color=&#8220;#951d7d&#8220; follow_button=&#8220;off&#8220; url_new_window=&#8220;on&#8220;] Twitter [\/et_pb_social_media_follow_network][et_pb_social_media_follow_network social_network=&#8220;youtube&#8220; url=&#8220;https:\/\/www.youtube.com\/user\/MDItraining1&#8243; _builder_version=&#8220;3.0.106&#8243; background_color=&#8220;#951d7d&#8220; follow_button=&#8220;off&#8220; url_new_window=&#8220;on&#8220;] Youtube [\/et_pb_social_media_follow_network][\/et_pb_social_media_follow][\/et_pb_column][\/et_pb_row][\/et_pb_section]<\/p>\n","protected":false},"excerpt":{"rendered":"<p>Welchen Fu\u00dfabdruck hinterlassen Sie in dieser Welt? Mit positivem Leadership Impact die Welt zum Guten ver\u00e4ndern. MDI Newsletter Jetzt anmelden und nie wieder F\u00fchrungsinspirationen verpassen, die Sie weiterbringen! Facebook LinkedIn Twitter Youtube<\/p>\n","protected":false},"author":11,"featured_media":0,"parent":0,"menu_order":0,"comment_status":"closed","ping_status":"closed","template":"","meta":{"_et_pb_use_builder":"on","_et_pb_old_content":"","_et_gb_content_width":"","om_disable_all_campaigns":false,"footnotes":""},"class_list":["post-2808","page","type-page","status-publish","hentry"],"yoast_head":"<!-- This site is optimized with the Yoast SEO plugin v27.0 - https:\/\/yoast.com\/product\/yoast-seo-wordpress\/ -->\n<title>Leadership Impact - F\u00fchrungskr\u00e4fteentwicklung<\/title>\n<meta name=\"robots\" content=\"index, follow, max-snippet:-1, max-image-preview:large, max-video-preview:-1\" \/>\n<link rel=\"canonical\" href=\"https:\/\/blog.mdi-training.com\/de\/leadership-impact\/\" \/>\n<meta property=\"og:locale\" content=\"de_DE\" \/>\n<meta property=\"og:type\" content=\"article\" \/>\n<meta property=\"og:title\" content=\"Leadership Impact - F\u00fchrungskr\u00e4fteentwicklung\" \/>\n<meta property=\"og:description\" content=\"Welchen Fu\u00dfabdruck hinterlassen Sie in dieser Welt? Mit positivem Leadership Impact die Welt zum Guten ver\u00e4ndern. MDI Newsletter Jetzt anmelden und nie wieder F\u00fchrungsinspirationen verpassen, die Sie weiterbringen! Facebook LinkedIn Twitter Youtube\" \/>\n<meta property=\"og:url\" content=\"https:\/\/blog.mdi-training.com\/de\/leadership-impact\/\" \/>\n<meta property=\"og:site_name\" content=\"F\u00fchrungskr\u00e4fteentwicklung\" \/>\n<meta property=\"article:modified_time\" content=\"2019-08-19T12:29:40+00:00\" \/>\n<meta name=\"twitter:label1\" content=\"Est. reading time\" \/>\n\t<meta name=\"twitter:data1\" content=\"7 Minuten\" \/>\n<script type=\"application\/ld+json\" class=\"yoast-schema-graph\">{\"@context\":\"https:\/\/schema.org\",\"@graph\":[{\"@type\":\"WebPage\",\"@id\":\"https:\/\/blog.mdi-training.com\/de\/leadership-impact\/\",\"url\":\"https:\/\/blog.mdi-training.com\/de\/leadership-impact\/\",\"name\":\"Leadership Impact - F\u00fchrungskr\u00e4fteentwicklung\",\"isPartOf\":{\"@id\":\"https:\/\/blog.mdi-training.com\/de\/#website\"},\"datePublished\":\"2019-05-01T11:47:40+00:00\",\"dateModified\":\"2019-08-19T12:29:40+00:00\",\"breadcrumb\":{\"@id\":\"https:\/\/blog.mdi-training.com\/de\/leadership-impact\/#breadcrumb\"},\"inLanguage\":\"de-DE\",\"potentialAction\":[{\"@type\":\"ReadAction\",\"target\":[\"https:\/\/blog.mdi-training.com\/de\/leadership-impact\/\"]}]},{\"@type\":\"BreadcrumbList\",\"@id\":\"https:\/\/blog.mdi-training.com\/de\/leadership-impact\/#breadcrumb\",\"itemListElement\":[{\"@type\":\"ListItem\",\"position\":1,\"name\":\"Home\",\"item\":\"https:\/\/blog.mdi-training.com\/de\/\"},{\"@type\":\"ListItem\",\"position\":2,\"name\":\"Leadership Impact\"}]},{\"@type\":\"WebSite\",\"@id\":\"https:\/\/blog.mdi-training.com\/de\/#website\",\"url\":\"https:\/\/blog.mdi-training.com\/de\/\",\"name\":\"F\u00fchrungskr\u00e4fteentwicklung\",\"description\":\"Blog \u00fcber F\u00fchrungskr\u00e4fteentwicklung, die wirkungsvoll, direkt on-the-job und somit nachhaltig zu Unternehmenserfolgen betr\u00e4gt. Geschrieben f\u00fcr HR ManagerInnen, PersonalentwicklerInnen und F\u00fchrungskr\u00e4fte selbst.\",\"potentialAction\":[{\"@type\":\"SearchAction\",\"target\":{\"@type\":\"EntryPoint\",\"urlTemplate\":\"https:\/\/blog.mdi-training.com\/de\/?s={search_term_string}\"},\"query-input\":{\"@type\":\"PropertyValueSpecification\",\"valueRequired\":true,\"valueName\":\"search_term_string\"}}],\"inLanguage\":\"de-DE\"}]}<\/script>\n<!-- \/ Yoast SEO plugin. -->","yoast_head_json":{"title":"Leadership Impact - F\u00fchrungskr\u00e4fteentwicklung","robots":{"index":"index","follow":"follow","max-snippet":"max-snippet:-1","max-image-preview":"max-image-preview:large","max-video-preview":"max-video-preview:-1"},"canonical":"https:\/\/blog.mdi-training.com\/de\/leadership-impact\/","og_locale":"de_DE","og_type":"article","og_title":"Leadership Impact - F\u00fchrungskr\u00e4fteentwicklung","og_description":"Welchen Fu\u00dfabdruck hinterlassen Sie in dieser Welt? Mit positivem Leadership Impact die Welt zum Guten ver\u00e4ndern. MDI Newsletter Jetzt anmelden und nie wieder F\u00fchrungsinspirationen verpassen, die Sie weiterbringen! Facebook LinkedIn Twitter Youtube","og_url":"https:\/\/blog.mdi-training.com\/de\/leadership-impact\/","og_site_name":"F\u00fchrungskr\u00e4fteentwicklung","article_modified_time":"2019-08-19T12:29:40+00:00","twitter_misc":{"Est. reading time":"7 Minuten"},"schema":{"@context":"https:\/\/schema.org","@graph":[{"@type":"WebPage","@id":"https:\/\/blog.mdi-training.com\/de\/leadership-impact\/","url":"https:\/\/blog.mdi-training.com\/de\/leadership-impact\/","name":"Leadership Impact - F\u00fchrungskr\u00e4fteentwicklung","isPartOf":{"@id":"https:\/\/blog.mdi-training.com\/de\/#website"},"datePublished":"2019-05-01T11:47:40+00:00","dateModified":"2019-08-19T12:29:40+00:00","breadcrumb":{"@id":"https:\/\/blog.mdi-training.com\/de\/leadership-impact\/#breadcrumb"},"inLanguage":"de-DE","potentialAction":[{"@type":"ReadAction","target":["https:\/\/blog.mdi-training.com\/de\/leadership-impact\/"]}]},{"@type":"BreadcrumbList","@id":"https:\/\/blog.mdi-training.com\/de\/leadership-impact\/#breadcrumb","itemListElement":[{"@type":"ListItem","position":1,"name":"Home","item":"https:\/\/blog.mdi-training.com\/de\/"},{"@type":"ListItem","position":2,"name":"Leadership Impact"}]},{"@type":"WebSite","@id":"https:\/\/blog.mdi-training.com\/de\/#website","url":"https:\/\/blog.mdi-training.com\/de\/","name":"F\u00fchrungskr\u00e4fteentwicklung","description":"Blog \u00fcber F\u00fchrungskr\u00e4fteentwicklung, die wirkungsvoll, direkt on-the-job und somit nachhaltig zu Unternehmenserfolgen betr\u00e4gt. Geschrieben f\u00fcr HR ManagerInnen, PersonalentwicklerInnen und F\u00fchrungskr\u00e4fte selbst.","potentialAction":[{"@type":"SearchAction","target":{"@type":"EntryPoint","urlTemplate":"https:\/\/blog.mdi-training.com\/de\/?s={search_term_string}"},"query-input":{"@type":"PropertyValueSpecification","valueRequired":true,"valueName":"search_term_string"}}],"inLanguage":"de-DE"}]}},"_links":{"self":[{"href":"https:\/\/blog.mdi-training.com\/de\/wp-json\/wp\/v2\/pages\/2808","targetHints":{"allow":["GET"]}}],"collection":[{"href":"https:\/\/blog.mdi-training.com\/de\/wp-json\/wp\/v2\/pages"}],"about":[{"href":"https:\/\/blog.mdi-training.com\/de\/wp-json\/wp\/v2\/types\/page"}],"author":[{"embeddable":true,"href":"https:\/\/blog.mdi-training.com\/de\/wp-json\/wp\/v2\/users\/11"}],"replies":[{"embeddable":true,"href":"https:\/\/blog.mdi-training.com\/de\/wp-json\/wp\/v2\/comments?post=2808"}],"version-history":[{"count":11,"href":"https:\/\/blog.mdi-training.com\/de\/wp-json\/wp\/v2\/pages\/2808\/revisions"}],"predecessor-version":[{"id":2899,"href":"https:\/\/blog.mdi-training.com\/de\/wp-json\/wp\/v2\/pages\/2808\/revisions\/2899"}],"wp:attachment":[{"href":"https:\/\/blog.mdi-training.com\/de\/wp-json\/wp\/v2\/media?parent=2808"}],"curies":[{"name":"wp","href":"https:\/\/api.w.org\/{rel}","templated":true}]}}