{"id":1814,"date":"2016-10-24T16:58:03","date_gmt":"2016-10-24T14:58:03","guid":{"rendered":"https:\/\/blog.mdi-training.com\/de\/?page_id=1814"},"modified":"2016-10-24T16:58:03","modified_gmt":"2016-10-24T14:58:03","slug":"impressum","status":"publish","type":"page","link":"https:\/\/blog.mdi-training.com\/de\/impressum\/","title":{"rendered":"Impressum"},"content":{"rendered":"<p>[et_pb_section admin_label=&#8220;section&#8220;][et_pb_row admin_label=&#8220;row&#8220;][et_pb_column type=&#8220;4_4&#8243;][et_pb_text admin_label=&#8220;Text&#8220; background_layout=&#8220;light&#8220; text_orientation=&#8220;left&#8220; use_border_color=&#8220;off&#8220; border_color=&#8220;#ffffff&#8220; border_style=&#8220;solid&#8220;]<\/p>\n<h1>Impressum<\/h1>\n<p><strong>MDI Management Development GmbH<\/strong><br \/>\nMariahilfer Strasse 51\/1\/6<br \/>\nA-1060 Vienna<br \/>\nPhone: +43\/1\/524 17 17 \u2013 0<br \/>\nFax: +43\/1\/524 17 17 \u2013 100<br \/>\nEmail: <a>office@mdi-training.com<\/a><\/p>\n<p>Firmenbuchnummer: FN251047m<br \/>\nSteuernummer: ATU 58104900<br \/>\nGerichtsstand: HG Wien<\/p>\n<p><strong>Edtior:<\/strong><br \/>\nMDI Management Development GmbH<\/p>\n<p><strong>Copyright: <\/strong><br \/>\nAlle Rechte vorbehalten.<\/p>\n<p><strong>IT: <\/strong><br \/>\n<a href=\"http:\/\/www.keynet.at\">KEYNET E-Commerce Solutions<\/a><\/p>\n<p>[\/et_pb_text][\/et_pb_column][\/et_pb_row][\/et_pb_section]<\/p>\n","protected":false},"excerpt":{"rendered":"<p>Impressum MDI Management Development GmbH Mariahilfer Strasse 51\/1\/6 A-1060 Vienna Phone: +43\/1\/524 17 17 \u2013 0 Fax: +43\/1\/524 17 17 \u2013 100 Email: office@mdi-training.com Firmenbuchnummer: FN251047m Steuernummer: ATU 58104900 Gerichtsstand: HG Wien Edtior: MDI Management Development GmbH Copyright: Alle Rechte vorbehalten. IT: KEYNET E-Commerce Solutions<\/p>\n","protected":false},"author":11,"featured_media":0,"parent":0,"menu_order":0,"comment_status":"closed","ping_status":"closed","template":"","meta":{"_et_pb_use_builder":"on","_et_pb_old_content":"","_et_gb_content_width":"","om_disable_all_campaigns":false,"footnotes":""},"class_list":["post-1814","page","type-page","status-publish","hentry"],"yoast_head":"<!-- This site is optimized with the Yoast SEO plugin v27.0 - https:\/\/yoast.com\/product\/yoast-seo-wordpress\/ -->\n<title>Impressum - F\u00fchrungskr\u00e4fteentwicklung<\/title>\n<meta name=\"robots\" content=\"index, follow, max-snippet:-1, max-image-preview:large, max-video-preview:-1\" \/>\n<link rel=\"canonical\" href=\"https:\/\/blog.mdi-training.com\/de\/impressum\/\" \/>\n<meta property=\"og:locale\" content=\"de_DE\" \/>\n<meta property=\"og:type\" content=\"article\" \/>\n<meta property=\"og:title\" content=\"Impressum - F\u00fchrungskr\u00e4fteentwicklung\" \/>\n<meta property=\"og:description\" content=\"Impressum MDI Management Development GmbH Mariahilfer Strasse 51\/1\/6 A-1060 Vienna Phone: +43\/1\/524 17 17 \u2013 0 Fax: +43\/1\/524 17 17 \u2013 100 Email: office@mdi-training.com Firmenbuchnummer: FN251047m Steuernummer: ATU 58104900 Gerichtsstand: HG Wien Edtior: MDI Management Development GmbH Copyright: Alle Rechte vorbehalten. IT: KEYNET E-Commerce Solutions\" \/>\n<meta property=\"og:url\" content=\"https:\/\/blog.mdi-training.com\/de\/impressum\/\" \/>\n<meta property=\"og:site_name\" content=\"F\u00fchrungskr\u00e4fteentwicklung\" \/>\n<script type=\"application\/ld+json\" class=\"yoast-schema-graph\">{\"@context\":\"https:\/\/schema.org\",\"@graph\":[{\"@type\":\"WebPage\",\"@id\":\"https:\/\/blog.mdi-training.com\/de\/impressum\/\",\"url\":\"https:\/\/blog.mdi-training.com\/de\/impressum\/\",\"name\":\"Impressum - F\u00fchrungskr\u00e4fteentwicklung\",\"isPartOf\":{\"@id\":\"https:\/\/blog.mdi-training.com\/de\/#website\"},\"datePublished\":\"2016-10-24T14:58:03+00:00\",\"breadcrumb\":{\"@id\":\"https:\/\/blog.mdi-training.com\/de\/impressum\/#breadcrumb\"},\"inLanguage\":\"de-DE\",\"potentialAction\":[{\"@type\":\"ReadAction\",\"target\":[\"https:\/\/blog.mdi-training.com\/de\/impressum\/\"]}]},{\"@type\":\"BreadcrumbList\",\"@id\":\"https:\/\/blog.mdi-training.com\/de\/impressum\/#breadcrumb\",\"itemListElement\":[{\"@type\":\"ListItem\",\"position\":1,\"name\":\"Home\",\"item\":\"https:\/\/blog.mdi-training.com\/de\/\"},{\"@type\":\"ListItem\",\"position\":2,\"name\":\"Impressum\"}]},{\"@type\":\"WebSite\",\"@id\":\"https:\/\/blog.mdi-training.com\/de\/#website\",\"url\":\"https:\/\/blog.mdi-training.com\/de\/\",\"name\":\"F\u00fchrungskr\u00e4fteentwicklung\",\"description\":\"Blog \u00fcber F\u00fchrungskr\u00e4fteentwicklung, die wirkungsvoll, direkt on-the-job und somit nachhaltig zu Unternehmenserfolgen betr\u00e4gt. Geschrieben f\u00fcr HR ManagerInnen, PersonalentwicklerInnen und F\u00fchrungskr\u00e4fte selbst.\",\"potentialAction\":[{\"@type\":\"SearchAction\",\"target\":{\"@type\":\"EntryPoint\",\"urlTemplate\":\"https:\/\/blog.mdi-training.com\/de\/?s={search_term_string}\"},\"query-input\":{\"@type\":\"PropertyValueSpecification\",\"valueRequired\":true,\"valueName\":\"search_term_string\"}}],\"inLanguage\":\"de-DE\"}]}<\/script>\n<!-- \/ Yoast SEO plugin. -->","yoast_head_json":{"title":"Impressum - F\u00fchrungskr\u00e4fteentwicklung","robots":{"index":"index","follow":"follow","max-snippet":"max-snippet:-1","max-image-preview":"max-image-preview:large","max-video-preview":"max-video-preview:-1"},"canonical":"https:\/\/blog.mdi-training.com\/de\/impressum\/","og_locale":"de_DE","og_type":"article","og_title":"Impressum - F\u00fchrungskr\u00e4fteentwicklung","og_description":"Impressum MDI Management Development GmbH Mariahilfer Strasse 51\/1\/6 A-1060 Vienna Phone: +43\/1\/524 17 17 \u2013 0 Fax: +43\/1\/524 17 17 \u2013 100 Email: office@mdi-training.com Firmenbuchnummer: FN251047m Steuernummer: ATU 58104900 Gerichtsstand: HG Wien Edtior: MDI Management Development GmbH Copyright: Alle Rechte vorbehalten. IT: KEYNET E-Commerce Solutions","og_url":"https:\/\/blog.mdi-training.com\/de\/impressum\/","og_site_name":"F\u00fchrungskr\u00e4fteentwicklung","schema":{"@context":"https:\/\/schema.org","@graph":[{"@type":"WebPage","@id":"https:\/\/blog.mdi-training.com\/de\/impressum\/","url":"https:\/\/blog.mdi-training.com\/de\/impressum\/","name":"Impressum - F\u00fchrungskr\u00e4fteentwicklung","isPartOf":{"@id":"https:\/\/blog.mdi-training.com\/de\/#website"},"datePublished":"2016-10-24T14:58:03+00:00","breadcrumb":{"@id":"https:\/\/blog.mdi-training.com\/de\/impressum\/#breadcrumb"},"inLanguage":"de-DE","potentialAction":[{"@type":"ReadAction","target":["https:\/\/blog.mdi-training.com\/de\/impressum\/"]}]},{"@type":"BreadcrumbList","@id":"https:\/\/blog.mdi-training.com\/de\/impressum\/#breadcrumb","itemListElement":[{"@type":"ListItem","position":1,"name":"Home","item":"https:\/\/blog.mdi-training.com\/de\/"},{"@type":"ListItem","position":2,"name":"Impressum"}]},{"@type":"WebSite","@id":"https:\/\/blog.mdi-training.com\/de\/#website","url":"https:\/\/blog.mdi-training.com\/de\/","name":"F\u00fchrungskr\u00e4fteentwicklung","description":"Blog \u00fcber F\u00fchrungskr\u00e4fteentwicklung, die wirkungsvoll, direkt on-the-job und somit nachhaltig zu Unternehmenserfolgen betr\u00e4gt. Geschrieben f\u00fcr HR ManagerInnen, PersonalentwicklerInnen und F\u00fchrungskr\u00e4fte selbst.","potentialAction":[{"@type":"SearchAction","target":{"@type":"EntryPoint","urlTemplate":"https:\/\/blog.mdi-training.com\/de\/?s={search_term_string}"},"query-input":{"@type":"PropertyValueSpecification","valueRequired":true,"valueName":"search_term_string"}}],"inLanguage":"de-DE"}]}},"_links":{"self":[{"href":"https:\/\/blog.mdi-training.com\/de\/wp-json\/wp\/v2\/pages\/1814","targetHints":{"allow":["GET"]}}],"collection":[{"href":"https:\/\/blog.mdi-training.com\/de\/wp-json\/wp\/v2\/pages"}],"about":[{"href":"https:\/\/blog.mdi-training.com\/de\/wp-json\/wp\/v2\/types\/page"}],"author":[{"embeddable":true,"href":"https:\/\/blog.mdi-training.com\/de\/wp-json\/wp\/v2\/users\/11"}],"replies":[{"embeddable":true,"href":"https:\/\/blog.mdi-training.com\/de\/wp-json\/wp\/v2\/comments?post=1814"}],"version-history":[{"count":1,"href":"https:\/\/blog.mdi-training.com\/de\/wp-json\/wp\/v2\/pages\/1814\/revisions"}],"predecessor-version":[{"id":1815,"href":"https:\/\/blog.mdi-training.com\/de\/wp-json\/wp\/v2\/pages\/1814\/revisions\/1815"}],"wp:attachment":[{"href":"https:\/\/blog.mdi-training.com\/de\/wp-json\/wp\/v2\/media?parent=1814"}],"curies":[{"name":"wp","href":"https:\/\/api.w.org\/{rel}","templated":true}]}}