{"id":1518,"date":"2016-04-25T11:11:52","date_gmt":"2016-04-25T09:11:52","guid":{"rendered":"https:\/\/blog.mdi-training.com\/de\/?page_id=1518"},"modified":"2016-08-26T14:28:42","modified_gmt":"2016-08-26T12:28:42","slug":"impuls-serie","status":"publish","type":"page","link":"https:\/\/blog.mdi-training.com\/de\/impuls-serie\/","title":{"rendered":"Impuls-Serie"},"content":{"rendered":"<p>[et_pb_section admin_label=&#8220;section&#8220; transparent_background=&#8220;off&#8220; background_color=&#8220;#8dc3c6&#8243; allow_player_pause=&#8220;off&#8220; inner_shadow=&#8220;off&#8220; parallax=&#8220;off&#8220; parallax_method=&#8220;off&#8220; padding_mobile=&#8220;off&#8220; make_fullwidth=&#8220;off&#8220; use_custom_width=&#8220;off&#8220; width_unit=&#8220;on&#8220; make_equal=&#8220;off&#8220; use_custom_gutter=&#8220;off&#8220;][et_pb_row admin_label=&#8220;row&#8220;][et_pb_column type=&#8220;4_4&#8243;][et_pb_text admin_label=&#8220;Text&#8220; background_layout=&#8220;dark&#8220; text_orientation=&#8220;center&#8220; use_border_color=&#8220;off&#8220; border_color=&#8220;#ffffff&#8220; border_style=&#8220;solid&#8220;]<\/p>\n<h1><span style=\"color: #ffffff;\"><em>VIDEO-IMPULS-SERIE LATERALE F\u00dcHRUNG<br \/>\n<\/em><\/span><\/h1>\n<p><span style=\"color: #ffffff;\">Praxisnahe Impuls- und Lerntransfer-Videos von Mag. Gunther F\u00fcrstberger, Experte f\u00fcr laterale F\u00fchrung und<\/span><br \/>\n<span style=\"color: #ffffff;\"> Buchautor von &#8222;Commitment gewinnen als laterale F\u00fchrungskraft&#8220;.<\/span><\/p>\n<p>[\/et_pb_text][\/et_pb_column][\/et_pb_row][\/et_pb_section][et_pb_section admin_label=&#8220;Sektion&#8220; fullwidth=&#8220;off&#8220; specialty=&#8220;off&#8220;][et_pb_row admin_label=&#8220;Zeile&#8220;][et_pb_column type=&#8220;2_3&#8243;][et_pb_blog admin_label=&#8220;Blog&#8220; fullwidth=&#8220;on&#8220; include_categories=&#8220;40&#8243; show_thumbnail=&#8220;on&#8220; show_content=&#8220;off&#8220; show_more=&#8220;on&#8220; show_author=&#8220;on&#8220; show_date=&#8220;on&#8220; show_categories=&#8220;off&#8220; show_comments=&#8220;off&#8220; show_pagination=&#8220;on&#8220; offset_number=&#8220;0&#8243; background_layout=&#8220;light&#8220; use_dropshadow=&#8220;off&#8220; use_border_color=&#8220;off&#8220; border_color=&#8220;#ffffff&#8220; border_style=&#8220;solid&#8220; use_overlay=&#8220;off&#8220;] [\/et_pb_blog][\/et_pb_column][et_pb_column type=&#8220;1_3&#8243;][et_pb_image admin_label=&#8220;Bild&#8220; src=&#8220;https:\/\/blog.mdi-training.com\/de\/wp-content\/uploads\/sites\/2\/2015\/12\/Sky-Commitment-Spielplatte-Laterale-F\u00fchrung.png&#8220; alt=&#8220;Commitment Spielplatte &#8211; Laterale F\u00fchrung&#8220; title_text=&#8220;Commitment Spielplatte &#8211; Laterale F\u00fchrung&#8220; show_in_lightbox=&#8220;off&#8220; url=&#8220;http:\/\/eepurl.com\/bYwZw9&#8243; url_new_window=&#8220;on&#8220; use_overlay=&#8220;off&#8220; animation=&#8220;off&#8220; sticky=&#8220;off&#8220; align=&#8220;center&#8220; force_fullwidth=&#8220;off&#8220; always_center_on_mobile=&#8220;on&#8220; use_border_color=&#8220;off&#8220; border_color=&#8220;#ffffff&#8220; border_style=&#8220;solid&#8220;] [\/et_pb_image][et_pb_divider admin_label=&#8220;Teiler&#8220; color=&#8220;#ffffff&#8220; show_divider=&#8220;off&#8220; height=&#8220;30&#8243; divider_style=&#8220;solid&#8220; divider_position=&#8220;top&#8220; hide_on_mobile=&#8220;on&#8220;] [\/et_pb_divider][et_pb_cta admin_label=&#8220;CTA Open Program &#8220; title=&#8220;Sie m\u00f6chten sich als laterale F\u00fchrungskraft weiterentwickeln?&#8220; button_url=&#8220;https:\/\/www.mdi-training.com\/de\/offenes-training\/themen\/&#8220; url_new_window=&#8220;on&#8220; button_text=&#8220;Training finden&#8220; use_background_color=&#8220;on&#8220; background_color=&#8220;#667e96&#8243; background_layout=&#8220;dark&#8220; text_orientation=&#8220;center&#8220; use_border_color=&#8220;off&#8220; border_color=&#8220;#ffffff&#8220; border_style=&#8220;solid&#8220; custom_button=&#8220;off&#8220; button_letter_spacing=&#8220;0&#8243; button_use_icon=&#8220;default&#8220; button_icon_placement=&#8220;right&#8220; button_on_hover=&#8220;on&#8220; button_letter_spacing_hover=&#8220;0&#8243;]<\/p>\n<p>Wir m\u00f6chten Sie dabei unterst\u00fctzen.<\/p>\n<p>[\/et_pb_cta][et_pb_divider admin_label=&#8220;Teiler&#8220; color=&#8220;#ffffff&#8220; show_divider=&#8220;off&#8220; height=&#8220;30&#8243; divider_style=&#8220;solid&#8220; divider_position=&#8220;top&#8220; hide_on_mobile=&#8220;on&#8220;] [\/et_pb_divider][et_pb_divider admin_label=&#8220;Teiler t\u00fcrkis&#8220; saved_tabs=&#8220;all&#8220; color=&#8220;#8dc3c6&#8243; show_divider=&#8220;on&#8220; divider_style=&#8220;solid&#8220; divider_position=&#8220;top&#8220; hide_on_mobile=&#8220;on&#8220;] [\/et_pb_divider][et_pb_divider admin_label=&#8220;Teiler&#8220; color=&#8220;#ffffff&#8220; show_divider=&#8220;off&#8220; height=&#8220;30&#8243; divider_style=&#8220;solid&#8220; divider_position=&#8220;top&#8220; hide_on_mobile=&#8220;on&#8220;] [\/et_pb_divider][\/et_pb_column][\/et_pb_row][\/et_pb_section]<\/p>\n","protected":false},"excerpt":{"rendered":"<p>VIDEO-IMPULS-SERIE LATERALE F\u00dcHRUNG Praxisnahe Impuls- und Lerntransfer-Videos von Mag. Gunther F\u00fcrstberger, Experte f\u00fcr laterale F\u00fchrung und Buchautor von &#8222;Commitment gewinnen als laterale F\u00fchrungskraft&#8220;. Wir m\u00f6chten Sie dabei unterst\u00fctzen.<\/p>\n","protected":false},"author":11,"featured_media":0,"parent":0,"menu_order":0,"comment_status":"closed","ping_status":"closed","template":"","meta":{"_et_pb_use_builder":"on","_et_pb_old_content":"","_et_gb_content_width":"","om_disable_all_campaigns":false,"footnotes":""},"class_list":["post-1518","page","type-page","status-publish","hentry"],"yoast_head":"<!-- This site is optimized with the Yoast SEO plugin v27.0 - https:\/\/yoast.com\/product\/yoast-seo-wordpress\/ -->\n<title>Laterale F\u00fchrung - Impuls-Serie von Gunther F\u00fcrstberger<\/title>\n<meta name=\"description\" content=\"Mag. Gunther F\u00fcrstberger, Experte f\u00fcr laterale F\u00fchrung, stellt sein Erfolgskonzept zu lateraler F\u00fchrung in praxisnahen Video-Lerneinheiten vor.\" \/>\n<meta name=\"robots\" content=\"index, follow, max-snippet:-1, max-image-preview:large, max-video-preview:-1\" \/>\n<link rel=\"canonical\" href=\"https:\/\/blog.mdi-training.com\/de\/impuls-serie\/\" \/>\n<meta property=\"og:locale\" content=\"de_DE\" \/>\n<meta property=\"og:type\" content=\"article\" \/>\n<meta property=\"og:title\" content=\"Laterale F\u00fchrung - Impuls-Serie von Gunther F\u00fcrstberger\" \/>\n<meta property=\"og:description\" content=\"Mag. Gunther F\u00fcrstberger, Experte f\u00fcr laterale F\u00fchrung, stellt sein Erfolgskonzept zu lateraler F\u00fchrung in praxisnahen Video-Lerneinheiten vor.\" \/>\n<meta property=\"og:url\" content=\"https:\/\/blog.mdi-training.com\/de\/impuls-serie\/\" \/>\n<meta property=\"og:site_name\" content=\"F\u00fchrungskr\u00e4fteentwicklung\" \/>\n<meta property=\"article:modified_time\" content=\"2016-08-26T12:28:42+00:00\" \/>\n<meta name=\"twitter:label1\" content=\"Est. reading time\" \/>\n\t<meta name=\"twitter:data1\" content=\"2 Minuten\" \/>\n<script type=\"application\/ld+json\" class=\"yoast-schema-graph\">{\"@context\":\"https:\/\/schema.org\",\"@graph\":[{\"@type\":\"WebPage\",\"@id\":\"https:\/\/blog.mdi-training.com\/de\/impuls-serie\/\",\"url\":\"https:\/\/blog.mdi-training.com\/de\/impuls-serie\/\",\"name\":\"Laterale F\u00fchrung - Impuls-Serie von Gunther F\u00fcrstberger\",\"isPartOf\":{\"@id\":\"https:\/\/blog.mdi-training.com\/de\/#website\"},\"datePublished\":\"2016-04-25T09:11:52+00:00\",\"dateModified\":\"2016-08-26T12:28:42+00:00\",\"description\":\"Mag. Gunther F\u00fcrstberger, Experte f\u00fcr laterale F\u00fchrung, stellt sein Erfolgskonzept zu lateraler F\u00fchrung in praxisnahen Video-Lerneinheiten vor.\",\"breadcrumb\":{\"@id\":\"https:\/\/blog.mdi-training.com\/de\/impuls-serie\/#breadcrumb\"},\"inLanguage\":\"de-DE\",\"potentialAction\":[{\"@type\":\"ReadAction\",\"target\":[\"https:\/\/blog.mdi-training.com\/de\/impuls-serie\/\"]}]},{\"@type\":\"BreadcrumbList\",\"@id\":\"https:\/\/blog.mdi-training.com\/de\/impuls-serie\/#breadcrumb\",\"itemListElement\":[{\"@type\":\"ListItem\",\"position\":1,\"name\":\"Home\",\"item\":\"https:\/\/blog.mdi-training.com\/de\/\"},{\"@type\":\"ListItem\",\"position\":2,\"name\":\"Impuls-Serie\"}]},{\"@type\":\"WebSite\",\"@id\":\"https:\/\/blog.mdi-training.com\/de\/#website\",\"url\":\"https:\/\/blog.mdi-training.com\/de\/\",\"name\":\"F\u00fchrungskr\u00e4fteentwicklung\",\"description\":\"Blog \u00fcber F\u00fchrungskr\u00e4fteentwicklung, die wirkungsvoll, direkt on-the-job und somit nachhaltig zu Unternehmenserfolgen betr\u00e4gt. Geschrieben f\u00fcr HR ManagerInnen, PersonalentwicklerInnen und F\u00fchrungskr\u00e4fte selbst.\",\"potentialAction\":[{\"@type\":\"SearchAction\",\"target\":{\"@type\":\"EntryPoint\",\"urlTemplate\":\"https:\/\/blog.mdi-training.com\/de\/?s={search_term_string}\"},\"query-input\":{\"@type\":\"PropertyValueSpecification\",\"valueRequired\":true,\"valueName\":\"search_term_string\"}}],\"inLanguage\":\"de-DE\"}]}<\/script>\n<!-- \/ Yoast SEO plugin. -->","yoast_head_json":{"title":"Laterale F\u00fchrung - Impuls-Serie von Gunther F\u00fcrstberger","description":"Mag. Gunther F\u00fcrstberger, Experte f\u00fcr laterale F\u00fchrung, stellt sein Erfolgskonzept zu lateraler F\u00fchrung in praxisnahen Video-Lerneinheiten vor.","robots":{"index":"index","follow":"follow","max-snippet":"max-snippet:-1","max-image-preview":"max-image-preview:large","max-video-preview":"max-video-preview:-1"},"canonical":"https:\/\/blog.mdi-training.com\/de\/impuls-serie\/","og_locale":"de_DE","og_type":"article","og_title":"Laterale F\u00fchrung - Impuls-Serie von Gunther F\u00fcrstberger","og_description":"Mag. Gunther F\u00fcrstberger, Experte f\u00fcr laterale F\u00fchrung, stellt sein Erfolgskonzept zu lateraler F\u00fchrung in praxisnahen Video-Lerneinheiten vor.","og_url":"https:\/\/blog.mdi-training.com\/de\/impuls-serie\/","og_site_name":"F\u00fchrungskr\u00e4fteentwicklung","article_modified_time":"2016-08-26T12:28:42+00:00","twitter_misc":{"Est. reading time":"2 Minuten"},"schema":{"@context":"https:\/\/schema.org","@graph":[{"@type":"WebPage","@id":"https:\/\/blog.mdi-training.com\/de\/impuls-serie\/","url":"https:\/\/blog.mdi-training.com\/de\/impuls-serie\/","name":"Laterale F\u00fchrung - Impuls-Serie von Gunther F\u00fcrstberger","isPartOf":{"@id":"https:\/\/blog.mdi-training.com\/de\/#website"},"datePublished":"2016-04-25T09:11:52+00:00","dateModified":"2016-08-26T12:28:42+00:00","description":"Mag. Gunther F\u00fcrstberger, Experte f\u00fcr laterale F\u00fchrung, stellt sein Erfolgskonzept zu lateraler F\u00fchrung in praxisnahen Video-Lerneinheiten vor.","breadcrumb":{"@id":"https:\/\/blog.mdi-training.com\/de\/impuls-serie\/#breadcrumb"},"inLanguage":"de-DE","potentialAction":[{"@type":"ReadAction","target":["https:\/\/blog.mdi-training.com\/de\/impuls-serie\/"]}]},{"@type":"BreadcrumbList","@id":"https:\/\/blog.mdi-training.com\/de\/impuls-serie\/#breadcrumb","itemListElement":[{"@type":"ListItem","position":1,"name":"Home","item":"https:\/\/blog.mdi-training.com\/de\/"},{"@type":"ListItem","position":2,"name":"Impuls-Serie"}]},{"@type":"WebSite","@id":"https:\/\/blog.mdi-training.com\/de\/#website","url":"https:\/\/blog.mdi-training.com\/de\/","name":"F\u00fchrungskr\u00e4fteentwicklung","description":"Blog \u00fcber F\u00fchrungskr\u00e4fteentwicklung, die wirkungsvoll, direkt on-the-job und somit nachhaltig zu Unternehmenserfolgen betr\u00e4gt. Geschrieben f\u00fcr HR ManagerInnen, PersonalentwicklerInnen und F\u00fchrungskr\u00e4fte selbst.","potentialAction":[{"@type":"SearchAction","target":{"@type":"EntryPoint","urlTemplate":"https:\/\/blog.mdi-training.com\/de\/?s={search_term_string}"},"query-input":{"@type":"PropertyValueSpecification","valueRequired":true,"valueName":"search_term_string"}}],"inLanguage":"de-DE"}]}},"_links":{"self":[{"href":"https:\/\/blog.mdi-training.com\/de\/wp-json\/wp\/v2\/pages\/1518","targetHints":{"allow":["GET"]}}],"collection":[{"href":"https:\/\/blog.mdi-training.com\/de\/wp-json\/wp\/v2\/pages"}],"about":[{"href":"https:\/\/blog.mdi-training.com\/de\/wp-json\/wp\/v2\/types\/page"}],"author":[{"embeddable":true,"href":"https:\/\/blog.mdi-training.com\/de\/wp-json\/wp\/v2\/users\/11"}],"replies":[{"embeddable":true,"href":"https:\/\/blog.mdi-training.com\/de\/wp-json\/wp\/v2\/comments?post=1518"}],"version-history":[{"count":11,"href":"https:\/\/blog.mdi-training.com\/de\/wp-json\/wp\/v2\/pages\/1518\/revisions"}],"predecessor-version":[{"id":1743,"href":"https:\/\/blog.mdi-training.com\/de\/wp-json\/wp\/v2\/pages\/1518\/revisions\/1743"}],"wp:attachment":[{"href":"https:\/\/blog.mdi-training.com\/de\/wp-json\/wp\/v2\/media?parent=1518"}],"curies":[{"name":"wp","href":"https:\/\/api.w.org\/{rel}","templated":true}]}}