{"id":1301,"date":"2015-12-17T11:58:58","date_gmt":"2015-12-17T09:58:58","guid":{"rendered":"https:\/\/blog.mdi-training.com\/de\/?page_id=1301"},"modified":"2021-03-11T18:27:10","modified_gmt":"2021-03-11T16:27:10","slug":"fuehrungskraefteentwicklung","status":"publish","type":"page","link":"https:\/\/blog.mdi-training.com\/de\/fuehrungskraefteentwicklung\/","title":{"rendered":"F\u00fchrungskr\u00e4fteentwicklung"},"content":{"rendered":"<p>[et_pb_section fb_built=&#8220;1&#8243; custom_padding_last_edited=&#8220;on|desktop&#8220; admin_label=&#8220;section&#8220; _builder_version=&#8220;3.25.3&#8243; background_color=&#8220;#8dc3c6&#8243; use_background_color_gradient=&#8220;on&#8220; background_color_gradient_start=&#8220;rgba(0,0,0,0.09)&#8220; background_color_gradient_end=&#8220;rgba(0,0,0,0.27)&#8220; background_color_gradient_overlays_image=&#8220;on&#8220; background_image=&#8220;https:\/\/blog.mdi-training.com\/de\/wp-content\/uploads\/sites\/2\/2019\/08\/FKE-Header.png&#8220; custom_padding_tablet=&#8220;50px|0|50px|0&#8243; custom_padding_phone=&#8220;&#8220; transparent_background=&#8220;off&#8220; padding_mobile=&#8220;off&#8220; make_fullwidth=&#8220;off&#8220; use_custom_width=&#8220;off&#8220; width_unit=&#8220;on&#8220;][et_pb_row admin_label=&#8220;row&#8220; _builder_version=&#8220;3.25&#8243; background_size=&#8220;initial&#8220; background_position=&#8220;top_left&#8220; background_repeat=&#8220;repeat&#8220;][et_pb_column type=&#8220;4_4&#8243; _builder_version=&#8220;3.25&#8243; custom_padding=&#8220;|||&#8220; custom_padding__hover=&#8220;|||&#8220;][et_pb_text _builder_version=&#8220;3.27.4&#8243; header_font=&#8220;||||||||&#8220; header_2_font=&#8220;||||||||&#8220; header_2_text_color=&#8220;#ffffff&#8220; background_size=&#8220;initial&#8220; background_position=&#8220;top_left&#8220; background_repeat=&#8220;repeat&#8220; text_orientation=&#8220;center&#8220; module_alignment=&#8220;center&#8220; use_border_color=&#8220;off&#8220; border_color=&#8220;#ffffff&#8220; border_style=&#8220;solid&#8220;]<\/p>\n<h1><span style=\"color: #ffffff\">INTERNATIONALE F\u00dcHRUNGKR\u00c4FTEENTWICKLUNG<\/span><\/h1>\n<h2 style=\"text-align: center\">Inspiration f\u00fcr Sie als HR-ExpertIn\u00a0<span style=\"color: #ffffff\"><\/span><\/h2>\n<p><span style=\"color: #ffffff\"><\/span><\/p>\n<p>[\/et_pb_text][\/et_pb_column][\/et_pb_row][\/et_pb_section][et_pb_section fb_built=&#8220;1&#8243; next_background_color=&#8220;#eeeeee&#8220; _builder_version=&#8220;3.25.3&#8243; bottom_divider_style=&#8220;mountains2&#8243; bottom_divider_height=&#8220;31px&#8220;][et_pb_row _builder_version=&#8220;3.25&#8243; background_size=&#8220;initial&#8220; background_position=&#8220;top_left&#8220; background_repeat=&#8220;repeat&#8220;][et_pb_column type=&#8220;4_4&#8243; _builder_version=&#8220;3.25&#8243; custom_padding=&#8220;|||&#8220; custom_padding__hover=&#8220;|||&#8220;][et_pb_blog fullwidth=&#8220;off&#8220; posts_number=&#8220;9&#8243; include_categories=&#8220;41,5&#8243; excerpt_length=&#8220;200&#8243; show_more=&#8220;on&#8220; show_categories=&#8220;off&#8220; module_class=&#8220;custom_blog&#8220; _builder_version=&#8220;3.25.3&#8243; use_border_color=&#8220;off&#8220; border_color=&#8220;#ffffff&#8220; border_style=&#8220;solid&#8220; use_dropshadow=&#8220;off&#8220;]<br \/>\n[\/et_pb_blog][et_pb_cta title=&#8220;Suchen Sie F\u00fchrungskr\u00e4fte-Programme f\u00fcr Ihr Unternehmen? &#8220; button_url=&#8220;https:\/\/virtuell-fuehren.mdi-training.com\/&#8220; url_new_window=&#8220;on&#8220; button_text=&#8220;Workshop finden&#8220; admin_label=&#8220;CTA Open Program&#8220; _builder_version=&#8220;4.2.1&#8243; header_font=&#8220;||||||||&#8220; header_text_color=&#8220;#951d7d&#8220; background_color=&#8220;#ffffff&#8220; background_size=&#8220;initial&#8220; background_position=&#8220;top_left&#8220; background_repeat=&#8220;repeat&#8220; background_layout=&#8220;light&#8220; hover_enabled=&#8220;0&#8243; border_radii=&#8220;on|3px|3px|3px|3px&#8220; border_width_all=&#8220;2px&#8220; border_color_all=&#8220;#951d7d&#8220; use_border_color=&#8220;off&#8220; border_color=&#8220;#ffffff&#8220; border_style=&#8220;solid&#8220; button_letter_spacing_hover=&#8220;0&#8243; button_text_size__hover_enabled=&#8220;off&#8220; button_one_text_size__hover_enabled=&#8220;off&#8220; button_two_text_size__hover_enabled=&#8220;off&#8220; button_text_color__hover_enabled=&#8220;off&#8220; button_one_text_color__hover_enabled=&#8220;off&#8220; button_two_text_color__hover_enabled=&#8220;off&#8220; button_border_width__hover_enabled=&#8220;off&#8220; button_one_border_width__hover_enabled=&#8220;off&#8220; button_two_border_width__hover_enabled=&#8220;off&#8220; button_border_color__hover_enabled=&#8220;off&#8220; button_one_border_color__hover_enabled=&#8220;off&#8220; button_two_border_color__hover_enabled=&#8220;off&#8220; button_border_radius__hover_enabled=&#8220;off&#8220; button_one_border_radius__hover_enabled=&#8220;off&#8220; button_two_border_radius__hover_enabled=&#8220;off&#8220; button_letter_spacing__hover_enabled=&#8220;on&#8220; button_letter_spacing__hover=&#8220;0&#8243; button_one_letter_spacing__hover_enabled=&#8220;off&#8220; button_two_letter_spacing__hover_enabled=&#8220;off&#8220; button_bg_color__hover_enabled=&#8220;off&#8220; button_one_bg_color__hover_enabled=&#8220;off&#8220; button_two_bg_color__hover_enabled=&#8220;off&#8220;]<\/p>\n<p>Wir unterst\u00fctzen Sie dabei!<\/p>\n<p>[\/et_pb_cta][\/et_pb_column][\/et_pb_row][\/et_pb_section][et_pb_section fb_built=&#8220;1&#8243; next_background_color=&#8220;#951d7d&#8220; _builder_version=&#8220;3.25.3&#8243; background_color=&#8220;#eeeeee&#8220; bottom_divider_style=&#8220;mountains2&#8243; bottom_divider_height=&#8220;43px&#8220;][et_pb_row _builder_version=&#8220;3.25.3&#8243;][et_pb_column type=&#8220;4_4&#8243; _builder_version=&#8220;3.25.3&#8243;][et_pb_text _builder_version=&#8220;3.27.4&#8243;]<\/p>\n<h2 style=\"text-align: center\">Video Inspiration<\/h2>\n<p>[\/et_pb_text][\/et_pb_column][\/et_pb_row][et_pb_row column_structure=&#8220;1_3,1_3,1_3&#8243; _builder_version=&#8220;3.25.3&#8243;][et_pb_column type=&#8220;1_3&#8243; _builder_version=&#8220;3.25.3&#8243;][et_pb_video src=&#8220;https:\/\/www.youtube.com\/watch?v=IletE24tUbs&#8220; admin_label=&#8220;Video &#8211; Masha &#8220; _builder_version=&#8220;3.25.3&#8243;]<br \/>\n[\/et_pb_video][\/et_pb_column][et_pb_column type=&#8220;1_3&#8243; _builder_version=&#8220;3.25.3&#8243;][et_pb_video src=&#8220;https:\/\/www.youtube.com\/watch?v=x1HzgUCOfkU&#8220; admin_label=&#8220;Video &#8211; R\u00fcdiger&#8220; _builder_version=&#8220;3.0.47&#8243;]<br \/>\n[\/et_pb_video][\/et_pb_column][et_pb_column type=&#8220;1_3&#8243; _builder_version=&#8220;3.25.3&#8243;][et_pb_video src=&#8220;https:\/\/www.youtube.com\/watch?v=RBAEx6iFhd4&#8243; admin_label=&#8220;Video &#8211; Gunther &#8220; _builder_version=&#8220;3.0.47&#8243;]<br \/>\n[\/et_pb_video][\/et_pb_column][\/et_pb_row][\/et_pb_section][et_pb_section fb_built=&#8220;1&#8243; _builder_version=&#8220;3.25.3&#8243; background_color=&#8220;#951d7d&#8220; z_index_tablet=&#8220;500&#8243; box_shadow_horizontal_tablet=&#8220;0px&#8220; box_shadow_vertical_tablet=&#8220;0px&#8220; box_shadow_blur_tablet=&#8220;40px&#8220; box_shadow_spread_tablet=&#8220;0px&#8220;][et_pb_row column_structure=&#8220;3_5,2_5&#8243; _builder_version=&#8220;3.25.3&#8243; background_color=&#8220;#ffffff&#8220; z_index_tablet=&#8220;500&#8243; border_radii=&#8220;on|3px|3px|3px|3px&#8220; box_shadow_horizontal_tablet=&#8220;0px&#8220; box_shadow_vertical_tablet=&#8220;0px&#8220; box_shadow_blur_tablet=&#8220;40px&#8220; box_shadow_spread_tablet=&#8220;0px&#8220;][et_pb_column type=&#8220;3_5&#8243; _builder_version=&#8220;3.0.47&#8243; custom_padding=&#8220;|||&#8220; custom_padding__hover=&#8220;|||&#8220;][et_pb_text _builder_version=&#8220;3.27.4&#8243; background_color=&#8220;#ffffff&#8220; z_index_tablet=&#8220;500&#8243; text_text_shadow_horizontal_length_tablet=&#8220;0px&#8220; text_text_shadow_vertical_length_tablet=&#8220;0px&#8220; text_text_shadow_blur_strength_tablet=&#8220;1px&#8220; link_text_shadow_horizontal_length_tablet=&#8220;0px&#8220; link_text_shadow_vertical_length_tablet=&#8220;0px&#8220; link_text_shadow_blur_strength_tablet=&#8220;1px&#8220; ul_text_shadow_horizontal_length_tablet=&#8220;0px&#8220; ul_text_shadow_vertical_length_tablet=&#8220;0px&#8220; ul_text_shadow_blur_strength_tablet=&#8220;1px&#8220; ol_text_shadow_horizontal_length_tablet=&#8220;0px&#8220; ol_text_shadow_vertical_length_tablet=&#8220;0px&#8220; ol_text_shadow_blur_strength_tablet=&#8220;1px&#8220; quote_text_shadow_horizontal_length_tablet=&#8220;0px&#8220; quote_text_shadow_vertical_length_tablet=&#8220;0px&#8220; quote_text_shadow_blur_strength_tablet=&#8220;1px&#8220; header_text_shadow_horizontal_length_tablet=&#8220;0px&#8220; header_text_shadow_vertical_length_tablet=&#8220;0px&#8220; header_text_shadow_blur_strength_tablet=&#8220;1px&#8220; header_2_text_shadow_horizontal_length_tablet=&#8220;0px&#8220; header_2_text_shadow_vertical_length_tablet=&#8220;0px&#8220; header_2_text_shadow_blur_strength_tablet=&#8220;1px&#8220; header_3_text_shadow_horizontal_length_tablet=&#8220;0px&#8220; header_3_text_shadow_vertical_length_tablet=&#8220;0px&#8220; header_3_text_shadow_blur_strength_tablet=&#8220;1px&#8220; header_4_text_shadow_horizontal_length_tablet=&#8220;0px&#8220; header_4_text_shadow_vertical_length_tablet=&#8220;0px&#8220; header_4_text_shadow_blur_strength_tablet=&#8220;1px&#8220; header_5_text_shadow_horizontal_length_tablet=&#8220;0px&#8220; header_5_text_shadow_vertical_length_tablet=&#8220;0px&#8220; header_5_text_shadow_blur_strength_tablet=&#8220;1px&#8220; header_6_text_shadow_horizontal_length_tablet=&#8220;0px&#8220; header_6_text_shadow_vertical_length_tablet=&#8220;0px&#8220; header_6_text_shadow_blur_strength_tablet=&#8220;1px&#8220; box_shadow_horizontal_tablet=&#8220;0px&#8220; box_shadow_vertical_tablet=&#8220;0px&#8220; box_shadow_blur_tablet=&#8220;40px&#8220; box_shadow_spread_tablet=&#8220;0px&#8220;]<\/p>\n<h2 style=\"text-align: center\">MDI Newsletter<\/h2>\n<p style=\"text-align: center\">Jetzt anmelden und nie wieder <strong>F\u00fchrungsinspirationen<\/strong> verpassen, die Sie weiterbringen!<\/p>\n<p>[\/et_pb_text][et_pb_code _builder_version=&#8220;3.25.3&#8243; z_index_tablet=&#8220;500&#8243;]<!-- Begin Mailchimp Signup Form --><!-- [et_pb_line_break_holder] --><!-- [et_pb_line_break_holder] --><!-- [et_pb_line_break_holder] -->\t#mc_embed_signup{background:#fff; clear:left; font:14px Helvetica,Arial,sans-serif; }<!-- [et_pb_line_break_holder] -->\t\/* Add your own Mailchimp form style overrides in your site stylesheet or in this style block.<!-- [et_pb_line_break_holder] -->\t   We recommend moving this block and the preceding CSS link to the HEAD of your HTML file. *\/<!-- [et_pb_line_break_holder] --><!-- [et_pb_line_break_holder] --><\/p>\n<div id=\"mc_embed_signup\"><!-- [et_pb_line_break_holder] --><!-- [et_pb_line_break_holder] -->    <\/p>\n<div id=\"mc_embed_signup_scroll\"><!-- [et_pb_line_break_holder] -->\t<\/p>\n<h2>Zum Newsletter anmelden<\/h2>\n<p><!-- [et_pb_line_break_holder] --><\/p>\n<div class=\"indicates-required\"><span class=\"asterisk\">*<\/span>erforderlich<\/div>\n<p><!-- [et_pb_line_break_holder] --><\/p>\n<div class=\"mc-field-group\"><!-- [et_pb_line_break_holder] -->\t<label for=\"mce-EMAIL\">E-Mail Addresse  <span class=\"asterisk\">*<\/span><!-- [et_pb_line_break_holder] --><\/label><!-- [et_pb_line_break_holder] -->\t<!-- [et_pb_line_break_holder] --><\/div>\n<p><!-- [et_pb_line_break_holder] --><\/p>\n<div class=\"mc-field-group input-group\"><!-- [et_pb_line_break_holder] -->    <strong>Was interessiert Sie besonders? <\/strong><!-- [et_pb_line_break_holder] -->    <\/p>\n<ul>\n<li><label for=\"mce-group[22197]-22197-0\">F\u00fchrungskr\u00e4fteentwicklung aus der HR Perspektive<\/label><\/li>\n<p><!-- [et_pb_line_break_holder] --><\/p>\n<li><label for=\"mce-group[22197]-22197-1\">F\u00fchrung als F\u00fchrungskraft<\/label><\/li>\n<p><!-- [et_pb_line_break_holder] --><\/ul>\n<p><!-- [et_pb_line_break_holder] --><\/div>\n<p><!-- [et_pb_line_break_holder] -->\t<\/p>\n<div id=\"mce-responses\" class=\"clear\"><!-- [et_pb_line_break_holder] -->\t\t<\/p>\n<div class=\"response\" id=\"mce-error-response\"><\/div>\n<p><!-- [et_pb_line_break_holder] -->\t\t<\/p>\n<div class=\"response\" id=\"mce-success-response\"><\/div>\n<p><!-- [et_pb_line_break_holder] -->\t<\/div>\n<p>    <!-- real people should not fill this in and expect good things - do not remove this or risk form bot signups--><!-- [et_pb_line_break_holder] -->    <\/p>\n<div aria-hidden=\"true\"><\/div>\n<p><!-- [et_pb_line_break_holder] -->    <\/p>\n<div class=\"clear\"><\/div>\n<p><!-- [et_pb_line_break_holder] -->    <\/div>\n<p><!-- [et_pb_line_break_holder] --><!-- [et_pb_line_break_holder] --><\/div>\n<p><!-- [et_pb_line_break_holder] --><!-- [et_pb_line_break_holder] --><!--End mc_embed_signup-->[\/et_pb_code][et_pb_social_media_follow _builder_version=&#8220;3.25.3&#8243; custom_padding=&#8220;|||30px&#8220;][et_pb_social_media_follow_network social_network=&#8220;facebook&#8220; url=&#8220;https:\/\/www.facebook.com\/MDI.Management.Development\/&#8220; _builder_version=&#8220;3.0.106&#8243; background_color=&#8220;#951d7d&#8220; follow_button=&#8220;off&#8220; url_new_window=&#8220;on&#8220;] Facebook [\/et_pb_social_media_follow_network][et_pb_social_media_follow_network social_network=&#8220;linkedin&#8220; url=&#8220;https:\/\/www.linkedin.com\/company\/3776831\/&#8220; _builder_version=&#8220;3.0.106&#8243; background_color=&#8220;#951d7d&#8220; follow_button=&#8220;off&#8220; url_new_window=&#8220;on&#8220;] LinkedIn [\/et_pb_social_media_follow_network][et_pb_social_media_follow_network social_network=&#8220;twitter&#8220; url=&#8220;https:\/\/twitter.com\/MDI_Leadership&#8220; _builder_version=&#8220;3.0.106&#8243; background_color=&#8220;#951d7d&#8220; follow_button=&#8220;off&#8220; url_new_window=&#8220;on&#8220;] Twitter [\/et_pb_social_media_follow_network][et_pb_social_media_follow_network social_network=&#8220;youtube&#8220; url=&#8220;https:\/\/www.youtube.com\/user\/MDItraining1&#8243; _builder_version=&#8220;3.0.106&#8243; background_color=&#8220;#951d7d&#8220; follow_button=&#8220;off&#8220; url_new_window=&#8220;on&#8220;] Youtube [\/et_pb_social_media_follow_network][\/et_pb_social_media_follow][\/et_pb_column][et_pb_column type=&#8220;2_5&#8243; _builder_version=&#8220;3.0.47&#8243; custom_padding=&#8220;|||&#8220; custom_padding__hover=&#8220;|||&#8220;][et_pb_code admin_label=&#8220;Code &#8211; DiSG Download&#8220; _builder_version=&#8220;3.25.3&#8243; custom_margin=&#8220;|0px||&#8220; custom_padding=&#8220;|31px||&#8220;]<a href=\"#\" class=\"manual-optin-trigger\" data-optin-slug=\"qhebh9vs95nhvely\"> <img decoding=\"async\" src=\"https:\/\/blog.mdi-training.com\/de\/wp-content\/uploads\/sites\/2\/2016\/08\/Download-DISG-Checkliste-Sky.png\" alt=\"Hier klicken.\" height=\"\" width=\"\" \/> <\/a>[\/et_pb_code][\/et_pb_column][\/et_pb_row][\/et_pb_section]<\/p>\n","protected":false},"excerpt":{"rendered":"<p>INTERNATIONALE F\u00dcHRUNGKR\u00c4FTEENTWICKLUNG Inspiration f\u00fcr Sie als HR-ExpertIn\u00a0 Wir unterst\u00fctzen Sie dabei! Video Inspiration MDI Newsletter Jetzt anmelden und nie wieder F\u00fchrungsinspirationen verpassen, die Sie weiterbringen! Facebook LinkedIn Twitter Youtube<\/p>\n","protected":false},"author":11,"featured_media":0,"parent":0,"menu_order":0,"comment_status":"closed","ping_status":"closed","template":"","meta":{"_et_pb_use_builder":"on","_et_pb_old_content":"","_et_gb_content_width":"","om_disable_all_campaigns":false,"footnotes":""},"class_list":["post-1301","page","type-page","status-publish","hentry"],"yoast_head":"<!-- This site is optimized with the Yoast SEO plugin v27.0 - https:\/\/yoast.com\/product\/yoast-seo-wordpress\/ -->\n<title>MDI F\u00fchrungskr\u00e4fteentwicklung - Nachhaltig und Effektiv<\/title>\n<meta name=\"description\" content=\"Wir sind auf nachhaltige und effektive internationale F\u00fchrungskr\u00e4fteentwicklung spezialisiert und begleiten F\u00fchrungskr\u00e4fte und Unternehmen auf Ihrem Weg.\" \/>\n<meta name=\"robots\" content=\"index, follow, max-snippet:-1, max-image-preview:large, max-video-preview:-1\" \/>\n<link rel=\"canonical\" href=\"https:\/\/blog.mdi-training.com\/de\/fuehrungskraefteentwicklung\/\" \/>\n<meta property=\"og:locale\" content=\"de_DE\" \/>\n<meta property=\"og:type\" content=\"article\" \/>\n<meta property=\"og:title\" content=\"MDI F\u00fchrungskr\u00e4fteentwicklung - Nachhaltig und Effektiv\" \/>\n<meta property=\"og:description\" content=\"Wir sind auf nachhaltige und effektive internationale F\u00fchrungskr\u00e4fteentwicklung spezialisiert und begleiten F\u00fchrungskr\u00e4fte und Unternehmen auf Ihrem Weg.\" \/>\n<meta property=\"og:url\" content=\"https:\/\/blog.mdi-training.com\/de\/fuehrungskraefteentwicklung\/\" \/>\n<meta property=\"og:site_name\" content=\"F\u00fchrungskr\u00e4fteentwicklung\" \/>\n<meta property=\"article:modified_time\" content=\"2021-03-11T16:27:10+00:00\" \/>\n<meta property=\"og:image\" content=\"https:\/\/blog.mdi-training.com\/de\/wp-content\/uploads\/sites\/2\/2016\/08\/Download-DISG-Checkliste-Sky.png\" \/>\n<meta name=\"twitter:label1\" content=\"Est. reading time\" \/>\n\t<meta name=\"twitter:data1\" content=\"6 Minuten\" \/>\n<script type=\"application\/ld+json\" class=\"yoast-schema-graph\">{\"@context\":\"https:\/\/schema.org\",\"@graph\":[{\"@type\":\"WebPage\",\"@id\":\"https:\/\/blog.mdi-training.com\/de\/fuehrungskraefteentwicklung\/\",\"url\":\"https:\/\/blog.mdi-training.com\/de\/fuehrungskraefteentwicklung\/\",\"name\":\"MDI F\u00fchrungskr\u00e4fteentwicklung - Nachhaltig und Effektiv\",\"isPartOf\":{\"@id\":\"https:\/\/blog.mdi-training.com\/de\/#website\"},\"primaryImageOfPage\":{\"@id\":\"https:\/\/blog.mdi-training.com\/de\/fuehrungskraefteentwicklung\/#primaryimage\"},\"image\":{\"@id\":\"https:\/\/blog.mdi-training.com\/de\/fuehrungskraefteentwicklung\/#primaryimage\"},\"thumbnailUrl\":\"https:\/\/blog.mdi-training.com\/de\/wp-content\/uploads\/sites\/2\/2016\/08\/Download-DISG-Checkliste-Sky.png\",\"datePublished\":\"2015-12-17T09:58:58+00:00\",\"dateModified\":\"2021-03-11T16:27:10+00:00\",\"description\":\"Wir sind auf nachhaltige und effektive internationale F\u00fchrungskr\u00e4fteentwicklung spezialisiert und begleiten F\u00fchrungskr\u00e4fte und Unternehmen auf Ihrem Weg.\",\"breadcrumb\":{\"@id\":\"https:\/\/blog.mdi-training.com\/de\/fuehrungskraefteentwicklung\/#breadcrumb\"},\"inLanguage\":\"de-DE\",\"potentialAction\":[{\"@type\":\"ReadAction\",\"target\":[\"https:\/\/blog.mdi-training.com\/de\/fuehrungskraefteentwicklung\/\"]}]},{\"@type\":\"ImageObject\",\"inLanguage\":\"de-DE\",\"@id\":\"https:\/\/blog.mdi-training.com\/de\/fuehrungskraefteentwicklung\/#primaryimage\",\"url\":\"https:\/\/blog.mdi-training.com\/de\/wp-content\/uploads\/sites\/2\/2016\/08\/Download-DISG-Checkliste-Sky.png\",\"contentUrl\":\"https:\/\/blog.mdi-training.com\/de\/wp-content\/uploads\/sites\/2\/2016\/08\/Download-DISG-Checkliste-Sky.png\",\"width\":500,\"height\":729},{\"@type\":\"BreadcrumbList\",\"@id\":\"https:\/\/blog.mdi-training.com\/de\/fuehrungskraefteentwicklung\/#breadcrumb\",\"itemListElement\":[{\"@type\":\"ListItem\",\"position\":1,\"name\":\"Home\",\"item\":\"https:\/\/blog.mdi-training.com\/de\/\"},{\"@type\":\"ListItem\",\"position\":2,\"name\":\"F\u00fchrungskr\u00e4fteentwicklung\"}]},{\"@type\":\"WebSite\",\"@id\":\"https:\/\/blog.mdi-training.com\/de\/#website\",\"url\":\"https:\/\/blog.mdi-training.com\/de\/\",\"name\":\"F\u00fchrungskr\u00e4fteentwicklung\",\"description\":\"Blog \u00fcber F\u00fchrungskr\u00e4fteentwicklung, die wirkungsvoll, direkt on-the-job und somit nachhaltig zu Unternehmenserfolgen betr\u00e4gt. Geschrieben f\u00fcr HR ManagerInnen, PersonalentwicklerInnen und F\u00fchrungskr\u00e4fte selbst.\",\"potentialAction\":[{\"@type\":\"SearchAction\",\"target\":{\"@type\":\"EntryPoint\",\"urlTemplate\":\"https:\/\/blog.mdi-training.com\/de\/?s={search_term_string}\"},\"query-input\":{\"@type\":\"PropertyValueSpecification\",\"valueRequired\":true,\"valueName\":\"search_term_string\"}}],\"inLanguage\":\"de-DE\"}]}<\/script>\n<!-- \/ Yoast SEO plugin. -->","yoast_head_json":{"title":"MDI F\u00fchrungskr\u00e4fteentwicklung - Nachhaltig und Effektiv","description":"Wir sind auf nachhaltige und effektive internationale F\u00fchrungskr\u00e4fteentwicklung spezialisiert und begleiten F\u00fchrungskr\u00e4fte und Unternehmen auf Ihrem Weg.","robots":{"index":"index","follow":"follow","max-snippet":"max-snippet:-1","max-image-preview":"max-image-preview:large","max-video-preview":"max-video-preview:-1"},"canonical":"https:\/\/blog.mdi-training.com\/de\/fuehrungskraefteentwicklung\/","og_locale":"de_DE","og_type":"article","og_title":"MDI F\u00fchrungskr\u00e4fteentwicklung - Nachhaltig und Effektiv","og_description":"Wir sind auf nachhaltige und effektive internationale F\u00fchrungskr\u00e4fteentwicklung spezialisiert und begleiten F\u00fchrungskr\u00e4fte und Unternehmen auf Ihrem Weg.","og_url":"https:\/\/blog.mdi-training.com\/de\/fuehrungskraefteentwicklung\/","og_site_name":"F\u00fchrungskr\u00e4fteentwicklung","article_modified_time":"2021-03-11T16:27:10+00:00","og_image":[{"url":"https:\/\/blog.mdi-training.com\/de\/wp-content\/uploads\/sites\/2\/2016\/08\/Download-DISG-Checkliste-Sky.png","type":"","width":"","height":""}],"twitter_misc":{"Est. reading time":"6 Minuten"},"schema":{"@context":"https:\/\/schema.org","@graph":[{"@type":"WebPage","@id":"https:\/\/blog.mdi-training.com\/de\/fuehrungskraefteentwicklung\/","url":"https:\/\/blog.mdi-training.com\/de\/fuehrungskraefteentwicklung\/","name":"MDI F\u00fchrungskr\u00e4fteentwicklung - Nachhaltig und Effektiv","isPartOf":{"@id":"https:\/\/blog.mdi-training.com\/de\/#website"},"primaryImageOfPage":{"@id":"https:\/\/blog.mdi-training.com\/de\/fuehrungskraefteentwicklung\/#primaryimage"},"image":{"@id":"https:\/\/blog.mdi-training.com\/de\/fuehrungskraefteentwicklung\/#primaryimage"},"thumbnailUrl":"https:\/\/blog.mdi-training.com\/de\/wp-content\/uploads\/sites\/2\/2016\/08\/Download-DISG-Checkliste-Sky.png","datePublished":"2015-12-17T09:58:58+00:00","dateModified":"2021-03-11T16:27:10+00:00","description":"Wir sind auf nachhaltige und effektive internationale F\u00fchrungskr\u00e4fteentwicklung spezialisiert und begleiten F\u00fchrungskr\u00e4fte und Unternehmen auf Ihrem Weg.","breadcrumb":{"@id":"https:\/\/blog.mdi-training.com\/de\/fuehrungskraefteentwicklung\/#breadcrumb"},"inLanguage":"de-DE","potentialAction":[{"@type":"ReadAction","target":["https:\/\/blog.mdi-training.com\/de\/fuehrungskraefteentwicklung\/"]}]},{"@type":"ImageObject","inLanguage":"de-DE","@id":"https:\/\/blog.mdi-training.com\/de\/fuehrungskraefteentwicklung\/#primaryimage","url":"https:\/\/blog.mdi-training.com\/de\/wp-content\/uploads\/sites\/2\/2016\/08\/Download-DISG-Checkliste-Sky.png","contentUrl":"https:\/\/blog.mdi-training.com\/de\/wp-content\/uploads\/sites\/2\/2016\/08\/Download-DISG-Checkliste-Sky.png","width":500,"height":729},{"@type":"BreadcrumbList","@id":"https:\/\/blog.mdi-training.com\/de\/fuehrungskraefteentwicklung\/#breadcrumb","itemListElement":[{"@type":"ListItem","position":1,"name":"Home","item":"https:\/\/blog.mdi-training.com\/de\/"},{"@type":"ListItem","position":2,"name":"F\u00fchrungskr\u00e4fteentwicklung"}]},{"@type":"WebSite","@id":"https:\/\/blog.mdi-training.com\/de\/#website","url":"https:\/\/blog.mdi-training.com\/de\/","name":"F\u00fchrungskr\u00e4fteentwicklung","description":"Blog \u00fcber F\u00fchrungskr\u00e4fteentwicklung, die wirkungsvoll, direkt on-the-job und somit nachhaltig zu Unternehmenserfolgen betr\u00e4gt. Geschrieben f\u00fcr HR ManagerInnen, PersonalentwicklerInnen und F\u00fchrungskr\u00e4fte selbst.","potentialAction":[{"@type":"SearchAction","target":{"@type":"EntryPoint","urlTemplate":"https:\/\/blog.mdi-training.com\/de\/?s={search_term_string}"},"query-input":{"@type":"PropertyValueSpecification","valueRequired":true,"valueName":"search_term_string"}}],"inLanguage":"de-DE"}]}},"_links":{"self":[{"href":"https:\/\/blog.mdi-training.com\/de\/wp-json\/wp\/v2\/pages\/1301","targetHints":{"allow":["GET"]}}],"collection":[{"href":"https:\/\/blog.mdi-training.com\/de\/wp-json\/wp\/v2\/pages"}],"about":[{"href":"https:\/\/blog.mdi-training.com\/de\/wp-json\/wp\/v2\/types\/page"}],"author":[{"embeddable":true,"href":"https:\/\/blog.mdi-training.com\/de\/wp-json\/wp\/v2\/users\/11"}],"replies":[{"embeddable":true,"href":"https:\/\/blog.mdi-training.com\/de\/wp-json\/wp\/v2\/comments?post=1301"}],"version-history":[{"count":23,"href":"https:\/\/blog.mdi-training.com\/de\/wp-json\/wp\/v2\/pages\/1301\/revisions"}],"predecessor-version":[{"id":3750,"href":"https:\/\/blog.mdi-training.com\/de\/wp-json\/wp\/v2\/pages\/1301\/revisions\/3750"}],"wp:attachment":[{"href":"https:\/\/blog.mdi-training.com\/de\/wp-json\/wp\/v2\/media?parent=1301"}],"curies":[{"name":"wp","href":"https:\/\/api.w.org\/{rel}","templated":true}]}}